{"id":2039,"date":"2022-08-16T18:06:17","date_gmt":"2022-08-16T18:06:17","guid":{"rendered":"https:\/\/tokdev.al\/bankers\/?page_id=2039"},"modified":"2025-08-07T13:21:19","modified_gmt":"2025-08-07T13:21:19","slug":"lajme-dhe-ngjarje","status":"publish","type":"page","link":"https:\/\/bankerspetroleum.com\/alb\/lajme-dhe-ngjarje\/","title":{"rendered":"Lajme dhe Ngjarje"},"content":{"rendered":"\t\t<div data-elementor-type=\"wp-page\" data-elementor-id=\"2039\" class=\"elementor elementor-2039\">\n\t\t\t\t\t\t<section class=\"elementor-section elementor-top-section elementor-element elementor-element-eb1d5cc elementor-section-boxed elementor-section-height-default elementor-section-height-default\" data-id=\"eb1d5cc\" data-element_type=\"section\">\n\t\t\t\t\t\t<div class=\"elementor-container elementor-column-gap-default\">\n\t\t\t\t\t<div class=\"elementor-column elementor-col-100 elementor-top-column elementor-element elementor-element-eced87c\" data-id=\"eced87c\" data-element_type=\"column\">\n\t\t\t<div class=\"elementor-widget-wrap elementor-element-populated\">\n\t\t\t\t\t\t<div class=\"elementor-element elementor-element-1573881 elementor-widget elementor-widget-heading\" data-id=\"1573881\" data-element_type=\"widget\" data-widget_type=\"heading.default\">\n\t\t\t\t<div class=\"elementor-widget-container\">\n\t\t\t<style>\/*! elementor - v3.22.0 - 17-06-2024 *\/\n.elementor-heading-title{padding:0;margin:0;line-height:1}.elementor-widget-heading .elementor-heading-title[class*=elementor-size-]>a{color:inherit;font-size:inherit;line-height:inherit}.elementor-widget-heading .elementor-heading-title.elementor-size-small{font-size:15px}.elementor-widget-heading .elementor-heading-title.elementor-size-medium{font-size:19px}.elementor-widget-heading .elementor-heading-title.elementor-size-large{font-size:29px}.elementor-widget-heading .elementor-heading-title.elementor-size-xl{font-size:39px}.elementor-widget-heading .elementor-heading-title.elementor-size-xxl{font-size:59px}<\/style><h2 class=\"elementor-heading-title elementor-size-default\">Lajme dhe Ngjarje<\/h2>\t\t<\/div>\n\t\t\t\t<\/div>\n\t\t\t\t\t<\/div>\n\t\t<\/div>\n\t\t\t\t\t<\/div>\n\t\t<\/section>\n\t\t\t\t<section class=\"elementor-section elementor-top-section elementor-element elementor-element-6573edd elementor-section-boxed elementor-section-height-default elementor-section-height-default\" data-id=\"6573edd\" data-element_type=\"section\">\n\t\t\t\t\t\t<div class=\"elementor-container elementor-column-gap-default\">\n\t\t\t\t\t<div class=\"elementor-column elementor-col-100 elementor-top-column elementor-element elementor-element-9800bd3\" data-id=\"9800bd3\" data-element_type=\"column\">\n\t\t\t<div class=\"elementor-widget-wrap elementor-element-populated\">\n\t\t\t\t\t\t<div class=\"elementor-element elementor-element-966ea96 elementor-widget elementor-widget-eael-post-timeline\" data-id=\"966ea96\" data-element_type=\"widget\" data-widget_type=\"eael-post-timeline.default\">\n\t\t\t\t<div class=\"elementor-widget-container\">\n\t\t\t<div id=\"eael-post-timeline-966ea96\" class=\"eael-post-timeline timeline-layout-default eael-post-timeline-arrow-\">\n            <div class=\"eael-post-timeline eael-post-appender eael-post-appender-966ea96\"><article class=\"eael-timeline-post eael-timeline-column\">\n    <div class=\"eael-timeline-bullet\"><\/div>\n    <div class=\"eael-timeline-post-inner\">\n        <a class=\"eael-timeline-post-link\" href=\"https:\/\/bankerspetroleum.com\/alb\/deklarate-zyrtare-bankers-petroleum-albania-ltd\/\" title=\"Deklarat\u00eb Zyrtare &#8211; Bankers Petroleum Albania Ltd.\">\n            <time datetime=\"February 6, 2026\">February 6, 2026<\/time>\n            <div class=\"eael-timeline-post-image  attachment-medium size-medium\" style=\"background-image: url(https:\/\/bankerspetroleum.com\/alb\/wp-content\/uploads\/2024\/08\/bankers_press_release-300x225.jpg);\"><\/div><div class=\"eael-timeline-post-excerpt\"><p>N\u00eb lidhje me disa publikime n\u00eb rrjetet sociale dhe n\u00eb [&hellip;]<\/p><\/div><div class=\"eael-timeline-post-title\">\n                    <h2 class=\"eael-timeline-post-title-text\">Deklarat\u00eb Zyrtare &#8211; Bankers Petroleum Albania Ltd.<\/h2>\n                <\/div><\/a>\n    <\/div>\n<\/article><article class=\"eael-timeline-post eael-timeline-column\">\n    <div class=\"eael-timeline-bullet\"><\/div>\n    <div class=\"eael-timeline-post-inner\">\n        <a class=\"eael-timeline-post-link\" href=\"https:\/\/bankerspetroleum.com\/alb\/thyerja-e-mitit-te-parave-te-lehta-seria-ii-pse-inputet-teknike-nuk-jane-mallra-konsumi-2\/\" title=\"Thyerja e Mitit t\u00eb &#8220;Parave t\u00eb Lehta&#8221; &#8211; Seria II Pse inputet teknike nuk jan\u00eb mallra konsumi.\">\n            <time datetime=\"January 8, 2026\">January 8, 2026<\/time>\n            <div class=\"eael-timeline-post-image  attachment-medium size-medium\" style=\"background-image: url(https:\/\/bankerspetroleum.com\/alb\/wp-content\/uploads\/2025\/07\/bankers-al-300x169.jpg);\"><\/div><div class=\"eael-timeline-post-excerpt\"><p>N\u00eb Bankers Petroleum Albania, ne besojm\u00eb se zhvillimi i q\u00ebndruesh\u00ebm [&hellip;]<\/p><\/div><div class=\"eael-timeline-post-title\">\n                    <h2 class=\"eael-timeline-post-title-text\">Thyerja e Mitit t\u00eb &#8220;Parave t\u00eb Lehta&#8221; &#8211; Seria II Pse inputet teknike nuk jan\u00eb mallra konsumi.<\/h2>\n                <\/div><\/a>\n    <\/div>\n<\/article><article class=\"eael-timeline-post eael-timeline-column\">\n    <div class=\"eael-timeline-bullet\"><\/div>\n    <div class=\"eael-timeline-post-inner\">\n        <a class=\"eael-timeline-post-link\" href=\"https:\/\/bankerspetroleum.com\/alb\/thyerja-e-mitit-te-parave-te-lehta-seria-ii-pse-inputet-teknike-nuk-jane-mallra-konsumi\/\" title=\"Thyerja e Mitit t\u00eb &#8220;Parave t\u00eb Lehta&#8221; &#8211; Seria II, Pse inputet teknike nuk jan\u00eb mallra konsumi.\">\n            <time datetime=\"January 5, 2026\">January 5, 2026<\/time>\n            <div class=\"eael-timeline-post-image  attachment-medium size-medium\" style=\"background-image: url(https:\/\/bankerspetroleum.com\/alb\/wp-content\/uploads\/2025\/07\/bankers-al-300x169.jpg);\"><\/div><div class=\"eael-timeline-post-excerpt\"><p>N\u00eb Bankers Petroleum Albania, ne besojm\u00eb se zhvillimi i q\u00ebndruesh\u00ebm [&hellip;]<\/p><\/div><div class=\"eael-timeline-post-title\">\n                    <h2 class=\"eael-timeline-post-title-text\">Thyerja e Mitit t\u00eb &#8220;Parave t\u00eb Lehta&#8221; &#8211; Seria II, Pse inputet teknike nuk jan\u00eb mallra konsumi.<\/h2>\n                <\/div><\/a>\n    <\/div>\n<\/article><article class=\"eael-timeline-post eael-timeline-column\">\n    <div class=\"eael-timeline-bullet\"><\/div>\n    <div class=\"eael-timeline-post-inner\">\n        <a class=\"eael-timeline-post-link\" href=\"https:\/\/bankerspetroleum.com\/alb\/thyerja-e-mitit-te-parave-te-lehta-seria-i-kuptimi-i-ekonomise-se-naftes-se-rende\/\" title=\"Thyerja e Mitit t\u00eb &#8220;Parave t\u00eb Lehta&#8221;- Seria I Kuptimi i Ekonomis\u00eb s\u00eb Naft\u00ebs s\u00eb R\u00ebnd\u00eb\">\n            <time datetime=\"December 29, 2025\">December 29, 2025<\/time>\n            <div class=\"eael-timeline-post-image  attachment-medium size-medium\" style=\"background-image: url(https:\/\/bankerspetroleum.com\/alb\/wp-content\/uploads\/2025\/07\/bankers-al-300x169.jpg);\"><\/div><div class=\"eael-timeline-post-excerpt\"><p>N\u00eb Bankers Petroleum Albania, ne besojm\u00eb n\u00eb nj\u00eb dialog transparent [&hellip;]<\/p><\/div><div class=\"eael-timeline-post-title\">\n                    <h2 class=\"eael-timeline-post-title-text\">Thyerja e Mitit t\u00eb &#8220;Parave t\u00eb Lehta&#8221;- Seria I Kuptimi i Ekonomis\u00eb s\u00eb Naft\u00ebs s\u00eb R\u00ebnd\u00eb<\/h2>\n                <\/div><\/a>\n    <\/div>\n<\/article><article class=\"eael-timeline-post eael-timeline-column\">\n    <div class=\"eael-timeline-bullet\"><\/div>\n    <div class=\"eael-timeline-post-inner\">\n        <a class=\"eael-timeline-post-link\" href=\"https:\/\/bankerspetroleum.com\/alb\/njoftim-per-shtyp-31-tetor-2025\/\" title=\"Njoftim p\u00ebr Shtyp &#8211; 31 Tetor 2025\">\n            <time datetime=\"October 31, 2025\">October 31, 2025<\/time>\n            <div class=\"eael-timeline-post-image  attachment-medium size-medium\" style=\"background-image: url(https:\/\/bankerspetroleum.com\/alb\/wp-content\/uploads\/2024\/08\/bankers_press_release-300x225.jpg);\"><\/div><div class=\"eael-timeline-post-excerpt\"><p>Bankers Petroleum Albania \u00ebsht\u00eb krenar q\u00eb \u00ebsht\u00eb sot nj\u00eb nga [&hellip;]<\/p><\/div><div class=\"eael-timeline-post-title\">\n                    <h2 class=\"eael-timeline-post-title-text\">Njoftim p\u00ebr Shtyp &#8211; 31 Tetor 2025<\/h2>\n                <\/div><\/a>\n    <\/div>\n<\/article><article class=\"eael-timeline-post eael-timeline-column\">\n    <div class=\"eael-timeline-bullet\"><\/div>\n    <div class=\"eael-timeline-post-inner\">\n        <a class=\"eael-timeline-post-link\" href=\"https:\/\/bankerspetroleum.com\/alb\/njoftim-per-shtyp-22-tetor-2025\/\" title=\"Njoftim p\u00ebr Shtyp &#8211; 22 Tetor 2025\">\n            <time datetime=\"October 22, 2025\">October 22, 2025<\/time>\n            <div class=\"eael-timeline-post-image  attachment-medium size-medium\" style=\"background-image: url(https:\/\/bankerspetroleum.com\/alb\/wp-content\/uploads\/2024\/08\/bankers_press_release-300x225.jpg);\"><\/div><div class=\"eael-timeline-post-excerpt\"><p>Njoftim p\u00ebr Shtyp, 22 Tetor 2025 Bankers Petroleum Albania Ltd. [&hellip;]<\/p><\/div><div class=\"eael-timeline-post-title\">\n                    <h2 class=\"eael-timeline-post-title-text\">Njoftim p\u00ebr Shtyp &#8211; 22 Tetor 2025<\/h2>\n                <\/div><\/a>\n    <\/div>\n<\/article><article class=\"eael-timeline-post eael-timeline-column\">\n    <div class=\"eael-timeline-bullet\"><\/div>\n    <div class=\"eael-timeline-post-inner\">\n        <a class=\"eael-timeline-post-link\" href=\"https:\/\/bankerspetroleum.com\/alb\/njoftim-per-shtyp-14-tetor-2025\/\" title=\"Njoftim p\u00ebr Shtyp &#8211; 14 Tetor 2025\">\n            <time datetime=\"October 14, 2025\">October 14, 2025<\/time>\n            <div class=\"eael-timeline-post-image  attachment-medium size-medium\" style=\"background-image: url(https:\/\/bankerspetroleum.com\/alb\/wp-content\/uploads\/2024\/08\/bankers_press_release-300x225.jpg);\"><\/div><div class=\"eael-timeline-post-excerpt\"><p>Deklarat\u00eb Zyrtare Bankers Petroleum Albania Ltd. Bankers Petroleum Albania Ltd. [&hellip;]<\/p><\/div><div class=\"eael-timeline-post-title\">\n                    <h2 class=\"eael-timeline-post-title-text\">Njoftim p\u00ebr Shtyp &#8211; 14 Tetor 2025<\/h2>\n                <\/div><\/a>\n    <\/div>\n<\/article><article class=\"eael-timeline-post eael-timeline-column\">\n    <div class=\"eael-timeline-bullet\"><\/div>\n    <div class=\"eael-timeline-post-inner\">\n        <a class=\"eael-timeline-post-link\" href=\"https:\/\/bankerspetroleum.com\/alb\/njoftim-per-shtyp-1-shtator-2025\/\" title=\"Njoftim p\u00ebr Shtyp &#8211; 1 Shtator 2025\">\n            <time datetime=\"September 1, 2025\">September 1, 2025<\/time>\n            <div class=\"eael-timeline-post-image  attachment-medium size-medium\" style=\"background-image: url(https:\/\/bankerspetroleum.com\/alb\/wp-content\/uploads\/2025\/09\/Foto_1-300x169.jpg);\"><\/div><div class=\"eael-timeline-post-excerpt\"><p>NIS RI-AKTIVIZIMI I PARTNERITETEVE LOKALE Sot, njoftuam zyrtarisht rifillimin e [&hellip;]<\/p><\/div><div class=\"eael-timeline-post-title\">\n                    <h2 class=\"eael-timeline-post-title-text\">Njoftim p\u00ebr Shtyp &#8211; 1 Shtator 2025<\/h2>\n                <\/div><\/a>\n    <\/div>\n<\/article><\/div>\n\t\t<\/div>            <div class=\"eael-load-more-button-wrap\">\n                <button class=\"eael-load-more-button\" id=\"eael-load-more-btn-966ea96\" data-widget-id=\"966ea96\" data-widget=\"966ea96\" data-page-id=\"2039\" data-template=\"{&quot;dir&quot;:&quot;lite&quot;,&quot;file_name&quot;:&quot;default.php&quot;,&quot;name&quot;:&quot;Post-Timeline&quot;}\" data-class=\"Essential_Addons_Elementor\\Elements\\Post_Timeline\" data-layout=\"\" data-page=\"1\" data-args=\"orderby=date&amp;order=desc&amp;ignore_sticky_posts=1&amp;post_status=publish&amp;posts_per_page=8&amp;offset=0&amp;post_type=post\" data-max-page=\"10\">\n                    <span class=\"eael-btn-loader button__loader\"><\/span>\n                    <span class=\"eael_load_more_text\">Shfaq m\u00eb shum\u00eb<\/span>\n                <\/button>\n            <\/div>\n            \t\t<\/div>\n\t\t\t\t<\/div>\n\t\t\t\t\t<\/div>\n\t\t<\/div>\n\t\t\t\t\t<\/div>\n\t\t<\/section>\n\t\t\t\t<section class=\"elementor-section elementor-top-section elementor-element elementor-element-2463ba8 elementor-section-boxed elementor-section-height-default elementor-section-height-default\" data-id=\"2463ba8\" data-element_type=\"section\">\n\t\t\t\t\t\t<div class=\"elementor-container elementor-column-gap-default\">\n\t\t\t\t\t<div class=\"elementor-column elementor-col-100 elementor-top-column elementor-element elementor-element-5d314a8\" data-id=\"5d314a8\" data-element_type=\"column\">\n\t\t\t<div class=\"elementor-widget-wrap\">\n\t\t\t\t\t\t\t<\/div>\n\t\t<\/div>\n\t\t\t\t\t<\/div>\n\t\t<\/section>\n\t\t\t\t<\/div>\n\t\t","protected":false},"excerpt":{"rendered":"<p>Lajme dhe Ngjarje August 1, 2025 Bankers Petroleum Albania Ltd. ...<\/p>\n","protected":false},"author":1,"featured_media":0,"parent":0,"menu_order":0,"comment_status":"closed","ping_status":"closed","template":"elementor_header_footer","meta":{"_acf_changed":false,"inline_featured_image":false,"footnotes":""},"acf":[],"_links":{"self":[{"href":"https:\/\/bankerspetroleum.com\/alb\/wp-json\/wp\/v2\/pages\/2039"}],"collection":[{"href":"https:\/\/bankerspetroleum.com\/alb\/wp-json\/wp\/v2\/pages"}],"about":[{"href":"https:\/\/bankerspetroleum.com\/alb\/wp-json\/wp\/v2\/types\/page"}],"author":[{"embeddable":true,"href":"https:\/\/bankerspetroleum.com\/alb\/wp-json\/wp\/v2\/users\/1"}],"replies":[{"embeddable":true,"href":"https:\/\/bankerspetroleum.com\/alb\/wp-json\/wp\/v2\/comments?post=2039"}],"version-history":[{"count":27,"href":"https:\/\/bankerspetroleum.com\/alb\/wp-json\/wp\/v2\/pages\/2039\/revisions"}],"predecessor-version":[{"id":2793,"href":"https:\/\/bankerspetroleum.com\/alb\/wp-json\/wp\/v2\/pages\/2039\/revisions\/2793"}],"wp:attachment":[{"href":"https:\/\/bankerspetroleum.com\/alb\/wp-json\/wp\/v2\/media?parent=2039"}],"curies":[{"name":"wp","href":"https:\/\/api.w.org\/{rel}","templated":true}]}}