{"id":232,"date":"2020-03-05T14:08:18","date_gmt":"2020-03-05T14:08:18","guid":{"rendered":"http:\/\/bankers.tokdigitalagency.com\/?page_id=232"},"modified":"2025-08-07T13:36:39","modified_gmt":"2025-08-07T13:36:39","slug":"filozofia","status":"publish","type":"page","link":"https:\/\/bankerspetroleum.com\/alb\/filozofia\/","title":{"rendered":"Filozofia"},"content":{"rendered":"<div class=\"col-1-2 content-left\">\n<div class=\"region region-content-left\">\n<article class=\"node-50 node node-page view-mode-full clearfix\">\n<div class=\"field field-name-body field-type-text-with-summary field-label-hidden\">\n<div class=\"field-items\">\n<div class=\"field-item even\">\n<p>N\u00eb Bankers ne duam t\u00eb vazhdojm\u00eb t\u00eb jemi nj\u00eb partner i zgjedhur p\u00ebr vendin e Shqip\u00ebris\u00eb. Ata na kan\u00eb ofruar privilegjin e zhvillimit t\u00eb nj\u00eb prej aseteve m\u00eb t\u00eb m\u00ebdha t\u00eb hidro karbureve n\u00eb bot\u00eb dhe ne e dime r\u00ebnd\u00ebsin\u00eb e ruajtjes s\u00eb licenc\u00ebs son\u00eb sociale p\u00ebr t\u00eb vepruar. Suksesi k\u00ebrkon shqyrtim t\u00eb kujdessh\u00ebm t\u00eb \u00e7\u00ebshtjeve sociale, kulturore, mjedisore, sh\u00ebndet\u00ebsore dhe t\u00eb siguris\u00eb. Ne punojm\u00eb shum\u00eb p\u00ebr t\u00eb qen\u00eb fqinj\u00eb t\u00eb v\u00ebmendsh\u00ebm dhe investojm\u00eb n\u00eb komunitetet lokale duke punuar ngusht\u00eb me njer\u00ebzit q\u00eb jetojn\u00eb dhe punojn\u00eb n\u00eb t\u00eb nj\u00ebjtat zona ku ne operojm\u00eb. Fokusi yn\u00eb ka qen\u00eb n\u00eb nd\u00ebrtimin e marr\u00ebdh\u00ebnieve t\u00eb forta brenda komuniteteve bazuar n\u00eb respekt, besim dhe dialog t\u00eb ndersh\u00ebm.<\/p>\n<p>N\u00eb maj t\u00eb vitit 2009 ne punuam me Korporat\u00ebn Nd\u00ebrkomb\u00ebtare Financiare (IFC) dhe Bank\u00ebn Evropiane p\u00ebr Rind\u00ebrtim dhe Zhvillim (BERZH) p\u00ebr t\u00eb p\u00ebrcaktuar nj\u00eb Plan Veprimi Mjedisor dhe Social i cili p\u00ebrdoret p\u00ebr t\u00eb udh\u00ebhequr zhvillimin dhe zbatimin e programit tone t\u00eb P\u00ebrgjegj\u00ebsis\u00eb Sociale t\u00eb Korporatave.<\/p>\n<p>Bankers e ka b\u00ebr\u00eb p\u00ebrpar\u00ebsi sjelljen e standardeve nd\u00ebrkomb\u00ebtare p\u00ebr menaxhimin mjedisor, performanc\u00ebn e siguris\u00eb dhe angazhimin e pal\u00ebve t\u00eb interesuara n\u00eb operacionet tona. Ne jemi t\u00eb p\u00ebrkushtuar ndaj zhvillimit t\u00eb p\u00ebrgjegjsh\u00ebm t\u00eb burimeve t\u00eb naft\u00ebs q\u00eb na jan\u00eb besuar dhe do t\u00eb investojm\u00eb mbi 3 milion\u00eb dollar\u00eb n\u00eb vitin 2015 p\u00ebr k\u00ebto p\u00ebrpjekje.<\/p>\n<\/div>\n<\/div>\n<\/div>\n<\/article>\n<\/div>\n<\/div>\n","protected":false},"excerpt":{"rendered":"<p>N\u00eb Bankers ne duam t\u00eb vazhdojm\u00eb t\u00eb jemi nj\u00eb partner ...<\/p>\n","protected":false},"author":1,"featured_media":0,"parent":0,"menu_order":0,"comment_status":"closed","ping_status":"closed","template":"","meta":{"_acf_changed":false,"inline_featured_image":false,"footnotes":""},"acf":[],"_links":{"self":[{"href":"https:\/\/bankerspetroleum.com\/alb\/wp-json\/wp\/v2\/pages\/232"}],"collection":[{"href":"https:\/\/bankerspetroleum.com\/alb\/wp-json\/wp\/v2\/pages"}],"about":[{"href":"https:\/\/bankerspetroleum.com\/alb\/wp-json\/wp\/v2\/types\/page"}],"author":[{"embeddable":true,"href":"https:\/\/bankerspetroleum.com\/alb\/wp-json\/wp\/v2\/users\/1"}],"replies":[{"embeddable":true,"href":"https:\/\/bankerspetroleum.com\/alb\/wp-json\/wp\/v2\/comments?post=232"}],"version-history":[{"count":6,"href":"https:\/\/bankerspetroleum.com\/alb\/wp-json\/wp\/v2\/pages\/232\/revisions"}],"predecessor-version":[{"id":2766,"href":"https:\/\/bankerspetroleum.com\/alb\/wp-json\/wp\/v2\/pages\/232\/revisions\/2766"}],"wp:attachment":[{"href":"https:\/\/bankerspetroleum.com\/alb\/wp-json\/wp\/v2\/media?parent=232"}],"curies":[{"name":"wp","href":"https:\/\/api.w.org\/{rel}","templated":true}]}}