{"id":235,"date":"2020-03-05T14:15:50","date_gmt":"2020-03-05T14:15:50","guid":{"rendered":"http:\/\/bankers.tokdigitalagency.com\/?page_id=235"},"modified":"2025-08-07T09:18:00","modified_gmt":"2025-08-07T09:18:00","slug":"community-programs","status":"publish","type":"page","link":"https:\/\/bankerspetroleum.com\/alb\/community-programs\/","title":{"rendered":"Programet p\u00ebr Komunitetin"},"content":{"rendered":"<p>Ekipi yn\u00eb i Marr\u00ebdh\u00ebnieve me Komunitetin n\u00eb Shqip\u00ebri angazhohet rregullisht n\u00eb konsultime dhe zhvillim partneritetesh me komunitetet prit\u00ebse, p\u00ebrfaq\u00ebsuesit e tyre dhe banor\u00ebt e tyre. Kontributi i komunitetit na ndihmon t\u00eb planifikojm\u00eb operacionet dhe investimet tona n\u00eb nj\u00eb m\u00ebnyr\u00eb q\u00eb maksimizon p\u00ebr fitimet p\u00ebr njer\u00ebzit. Duke pun\u00ebsuar pun\u00ebtor\u00eb vendas, duke shpenzuar parat\u00eb tona n\u00eb nivel lokal dhe duke p\u00ebrdorur furnizuesit dhe sh\u00ebrbimet vendase aty ku \u00ebsht\u00eb e mundur, ne jemi n\u00eb gjendje t\u00eb rrisim p\u00ebrfitimet ekonomike p\u00ebr vendin.<\/p>\n<p>Bankers po zbaton Programin e saj t\u00eb Investimeve n\u00eb Komunitet (CI) bazuar n\u00eb nevojat e komuniteteve lokale. Ai p\u00ebrqendrohet n\u00eb Zhvillimin Ekonomik, Krijimin e Vendeve t\u00eb Pun\u00ebs dhe P\u00ebrmir\u00ebsimet e Cil\u00ebsis\u00eb s\u00eb Jet\u00ebs n\u00eb Komunitet. Programi CI i Bankers do t\u00ebvazhdoj\u00eb p\u00ebr vite me radh\u00eb me q\u00ebllimin e rezultate vet\u00eb q\u00ebndrueshme positive afatgjata.<\/p>\n<p>&nbsp;<\/p>\n<p><a href=\"https:\/\/bankerspetroleum.com\/recovering-from-the-c02-release\">Rikuperimi nga \u00e7lirimii CO2<\/a><\/p>\n<p><a href=\"https:\/\/bankerspetroleum.com\/responding-to-historic-flooding-in-albania\">P\u00ebrgjigje ndaj p\u00ebrmbytjeve historike n\u00eb Shqip\u00ebri<\/a><\/p>\n<h4><strong><br \/>\nPROJEKTE<\/strong><\/h4>\n<p>&nbsp;<\/p>\n<p>Ngritja e nj\u00eb qendre t\u00eb re sh\u00ebndet\u00ebsore n\u00eb \u201cKallm i Madh\u201d<\/p>\n<div style=\"width: 1920px;\" class=\"wp-video\"><!--[if lt IE 9]><script>document.createElement('video');<\/script><![endif]-->\n<video class=\"wp-video-shortcode\" id=\"video-235-1\" width=\"1920\" height=\"1080\" poster=\"https:\/\/tokdev.al\/bankers\/wp-content\/uploads\/2021\/12\/Capture.png\" autoplay=\"1\" preload=\"metadata\" controls=\"controls\"><source type=\"video\/mp4\" src=\"https:\/\/tokdev.al\/bankers\/wp-content\/uploads\/2021\/12\/shendetsia-2.mp4?_=1\" \/><a href=\"https:\/\/tokdev.al\/bankers\/wp-content\/uploads\/2021\/12\/shendetsia-2.mp4\">https:\/\/tokdev.al\/bankers\/wp-content\/uploads\/2021\/12\/shendetsia-2.mp4<\/a><\/video><\/div>\n<p>&nbsp;<\/p>\n<p>Bankers Petroleum Albania ka qen\u00eb gjithmon\u00eb e fokusuar n\u00eb p\u00ebrmir\u00ebsimin e sh\u00ebrbimit sh\u00ebndet\u00ebsor p\u00ebr banor\u00ebt e zonave ku ushtron aktivitetin e saj.<\/p>\n<p>Nj\u00eb nga projektet m\u00eb t\u00eb r\u00ebnd\u00ebsishme \u00ebsht\u00eb ngritja e nj\u00eb qendre t\u00eb re sh\u00ebndet\u00ebsore n\u00eb fshatin \u201cKallmi Madh\u201d t\u00eb Fierit. Aktualisht, kjo Qend\u00ebr ofron sh\u00ebrbime baz\u00eb p\u00ebr 1,600 banor\u00eb t\u00eb fshatit, duke leht\u00ebsuar ndjesh\u00ebm trajtimin e tyre sh\u00ebndet\u00ebsor.<\/p>\n<p>Para nd\u00ebrhyrjes s\u00eb Bankers, sh\u00ebrbimet sh\u00ebndet\u00ebsore p\u00ebr banor\u00ebt e zones ofroheshin n\u00eb nj\u00eb klas\u00eb t\u00eb vjet\u00ebr shkolle, n\u00eb kushte shum\u00eb t\u00eb k\u00ebqija sanitare.<\/p>\n<p>Bankers Petroleum Albania, Ne kujdesemi p\u00ebr komunitetin<\/p>\n<p>&nbsp;<\/p>\n<p>Rehabilitimi i rrug\u00ebs s\u00eb Belin\u00ebs<\/p>\n<div style=\"width: 1920px;\" class=\"wp-video\"><video class=\"wp-video-shortcode\" id=\"video-235-2\" width=\"1920\" height=\"1080\" poster=\"https:\/\/tokdev.al\/bankers\/wp-content\/uploads\/2021\/12\/Capture.png\" autoplay=\"1\" preload=\"metadata\" controls=\"controls\"><source type=\"video\/mp4\" src=\"https:\/\/tokdev.al\/bankers\/wp-content\/uploads\/2021\/12\/mjedisi-1.mp4?_=2\" \/><a href=\"https:\/\/tokdev.al\/bankers\/wp-content\/uploads\/2021\/12\/mjedisi-1.mp4\">https:\/\/tokdev.al\/bankers\/wp-content\/uploads\/2021\/12\/mjedisi-1.mp4<\/a><\/video><\/div>\n<p>&nbsp;<\/p>\n<p>N\u00eb Bankers Petroleum Albania, ne jemi gjithmon\u00eb t\u00eb kujdessh\u00ebm n\u00eb rehabilitimin mjedisor t\u00eb zones ku operojm\u00eb dhe n\u00eb p\u00ebrmir\u00ebsimin e jet\u00ebs s\u00eb banor\u00ebve t\u00eb saj. Rehabilitimi i rrug\u00ebs s\u00eb Belin\u00ebs ndihmon familjet e Belin\u00ebs, t\u00eb cilat e p\u00ebrdorin k\u00ebt\u00eb aks \u00e7do dit\u00eb p\u00ebr nevojat familjare dhe p\u00ebr biznese t\u00eb ndryshme n\u00eb zon\u00eb.<\/p>\n<p>Investimi p\u00ebrfshin: shtrimin e rrug\u00ebs, nd\u00ebrtimin e trotuareve dhe hapjen e kanalizimeve an\u00ebsore. P\u00ebrpara nd\u00ebrhyrjes s\u00eb Bankers Petroleum Albania, rruga ishte shum\u00eb problematike p\u00ebr banor\u00ebt, duke shkaktuar ndotje t\u00eb konsiderueshme t\u00eb ajrit nga automjetet e r\u00ebnda. Duke nd\u00ebrtuar trotuare dhe duke mbjell\u00eb pem\u00eb dekorative, mjedisi tani ka ndryshuar t\u00ebr\u00ebsisht.<\/p>\n<p>Bankers Petroleum Albania, Ne kujdesemi p\u00ebr komunitetin<\/p>\n<p>&nbsp;<\/p>\n<p>P\u00ebrmir\u00ebsimi i kushtevet\u00eb Spitalit Pediatrik t\u00eb Fierit<\/p>\n<div style=\"width: 1920px;\" class=\"wp-video\"><video class=\"wp-video-shortcode\" id=\"video-235-3\" width=\"1920\" height=\"1080\" poster=\"https:\/\/tokdev.al\/bankers\/wp-content\/uploads\/2021\/12\/Capture.png\" autoplay=\"1\" preload=\"metadata\" controls=\"controls\"><source type=\"video\/mp4\" src=\"https:\/\/tokdev.al\/bankers\/wp-content\/uploads\/2021\/12\/shendetsia-3.mp4?_=3\" \/><a href=\"https:\/\/tokdev.al\/bankers\/wp-content\/uploads\/2021\/12\/shendetsia-3.mp4\">https:\/\/tokdev.al\/bankers\/wp-content\/uploads\/2021\/12\/shendetsia-3.mp4<\/a><\/video><\/div>\n<p>&nbsp;<\/p>\n<p>Spitali Pediatrik i Fierit \u00ebsht\u00eb i vetmi spital q\u00eb ofron sh\u00ebrbime sh\u00ebndet\u00ebsore p\u00ebr f\u00ebmij\u00ebt n\u00eb Qarkun e Fierit dhe m\u00eb gjer\u00eb. Spitali ka nj\u00eb kapacitet prej 100 shtret\u00ebrish dhe ofron sh\u00ebrbime ambulatore, si dhe sh\u00ebrbime trajtimi mjek\u00ebsor p\u00ebr f\u00ebmij\u00eb 0-15 vje\u00e7. Ky spital trajton 27,900 rasten\u00eb vit. Spitali ishte n\u00eb gjendje shum\u00eb t\u00eb v\u00ebshtir\u00eb p\u00ebr shkak t\u00eb munges\u00ebs s\u00eb mir\u00ebmbajtjes dhe fondeve t\u00eb investimit.<\/p>\n<p>Fal\u00eb nd\u00ebrhyrjes s\u00eb Bankers Petroleum Albania, u b\u00eb e mundur p\u00ebrmir\u00ebsimi i kushteve higjieno-sanitare, si dhe hidro izolimi i nd\u00ebrtes\u00ebs, duke ndikuar n\u00eb p\u00ebrmir\u00ebsimin e kushteve t\u00eb spitalit.<\/p>\n<p>Bankers Petroleum Albania. Ne kujdesemi p\u00ebr komunitetin!<\/p>\n<p>&nbsp;<\/p>\n<p>Rind\u00ebrtimi i rrug\u00ebs \u201cKallm i Madh\u201d<\/p>\n<p>&nbsp;<\/p>\n<div style=\"width: 1920px;\" class=\"wp-video\"><video class=\"wp-video-shortcode\" id=\"video-235-4\" width=\"1920\" height=\"1080\" poster=\"https:\/\/tokdev.al\/bankers\/wp-content\/uploads\/2021\/12\/Capture.png\" autoplay=\"1\" preload=\"metadata\" controls=\"controls\"><source type=\"video\/mp4\" src=\"https:\/\/tokdev.al\/bankers\/wp-content\/uploads\/2021\/12\/infrastruktura-2.mp4?_=4\" \/><a href=\"https:\/\/tokdev.al\/bankers\/wp-content\/uploads\/2021\/12\/infrastruktura-2.mp4\">https:\/\/tokdev.al\/bankers\/wp-content\/uploads\/2021\/12\/infrastruktura-2.mp4<\/a><\/video><\/div>\n<p>&nbsp;<\/p>\n<p>Nj\u00eb nga projektet m\u00eb t\u00eb fundit p\u00ebr p\u00ebrmir\u00ebsimin e infrastructures n\u00eb zon\u00ebn ku operojm\u00eb, \u00ebsht\u00eb rind\u00ebrtimi i rrug\u00ebs \u201cKallm i Madh\u201d. Ky \u00ebsht\u00eb nj\u00eb nga akset me trafikun m\u00eb t\u00eb lart\u00eb n\u00eb k\u00ebt\u00eb rajon.<\/p>\n<p>P\u00ebr dekada t\u00eb t\u00ebra, rruga p\u00ebrb\u00ebnte nj\u00eb shqet\u00ebsim t\u00eb madh p\u00ebr banor\u00ebt e k\u00ebtyre zonave. Rehabilitimi i rrug\u00ebs q\u00eb lidh k\u00ebto fshatra me rrug\u00ebn komb\u00ebtare \u201cFier-Lushnje\u201d, \u00ebsht\u00eb nj\u00eb investim me vler\u00eb 37 milion\u00eb lek\u00eb nga Bankers Petroleum dhe i mb\u00ebshtetur nga Bashkia e Fierit dhe Albpetrol.<\/p>\n<p>Fal\u00eb investimit t\u00eb Bankers, aktualisht kjo rrug\u00eb ofron akses t\u00eb shpejt\u00eb dhe t\u00eb sigurt jo vet\u00ebm p\u00ebr 4,500 banor\u00eb t\u00eb zon\u00ebs, por edhe p\u00ebr t\u00eb gjith\u00eb p\u00ebrdoruesit e saj t\u00eb shumt\u00eb.<\/p>\n<p>&nbsp;<\/p>\n<p style=\"font-weight: 400;\">Bankers Petroleum Albania, Ne kujdesemi p\u00ebr komunitetin!<\/p>\n","protected":false},"excerpt":{"rendered":"<p>Ekipi yn\u00eb i Marr\u00ebdh\u00ebnieve me Komunitetin n\u00eb Shqip\u00ebri angazhohet rregullisht ...<\/p>\n","protected":false},"author":1,"featured_media":0,"parent":0,"menu_order":0,"comment_status":"closed","ping_status":"closed","template":"","meta":{"_acf_changed":false,"inline_featured_image":false,"footnotes":""},"acf":[],"_links":{"self":[{"href":"https:\/\/bankerspetroleum.com\/alb\/wp-json\/wp\/v2\/pages\/235"}],"collection":[{"href":"https:\/\/bankerspetroleum.com\/alb\/wp-json\/wp\/v2\/pages"}],"about":[{"href":"https:\/\/bankerspetroleum.com\/alb\/wp-json\/wp\/v2\/types\/page"}],"author":[{"embeddable":true,"href":"https:\/\/bankerspetroleum.com\/alb\/wp-json\/wp\/v2\/users\/1"}],"replies":[{"embeddable":true,"href":"https:\/\/bankerspetroleum.com\/alb\/wp-json\/wp\/v2\/comments?post=235"}],"version-history":[{"count":26,"href":"https:\/\/bankerspetroleum.com\/alb\/wp-json\/wp\/v2\/pages\/235\/revisions"}],"predecessor-version":[{"id":2770,"href":"https:\/\/bankerspetroleum.com\/alb\/wp-json\/wp\/v2\/pages\/235\/revisions\/2770"}],"wp:attachment":[{"href":"https:\/\/bankerspetroleum.com\/alb\/wp-json\/wp\/v2\/media?parent=235"}],"curies":[{"name":"wp","href":"https:\/\/api.w.org\/{rel}","templated":true}]}}