{"id":237,"date":"2020-03-05T14:21:52","date_gmt":"2020-03-05T14:21:52","guid":{"rendered":"http:\/\/bankers.tokdigitalagency.com\/?page_id=237"},"modified":"2025-08-07T13:40:25","modified_gmt":"2025-08-07T13:40:25","slug":"shendeti-siguria-dhe-mjedisi","status":"publish","type":"page","link":"https:\/\/bankerspetroleum.com\/alb\/shendeti-siguria-dhe-mjedisi\/","title":{"rendered":"Sh\u00ebndeti, Siguria dhe Mjedisi"},"content":{"rendered":"<p data-start=\"63\" data-end=\"439\">Q\u00eb nga fillimi i operacioneve t\u00eb saj n\u00eb fush\u00ebn e naft\u00ebs Patos-Marinza, Bankers ka krijuar sisteme menaxhimi p\u00ebr mjedisin dhe Sh\u00ebndetin dhe Sigurin\u00eb<strong data-start=\"63\" data-end=\"215\">. <\/strong>Ne kemi vendosur nj\u00eb standard t\u00eb lart\u00eb p\u00ebr Sh\u00ebndetin dhe Sigurin\u00eb n\u00eb operacionet tona, q\u00eb shkojn\u00eb p\u00ebrtej detyrimeve ligjore dhe k\u00ebrkojm\u00eb q\u00eb t\u00eb gjith\u00eb kontraktor\u00ebt dhe n\u00ebnkontraktor\u00ebt tan\u00eb t\u00eb punojn\u00eb sipas standardit ton\u00eb!<\/p>\n<p data-start=\"441\" data-end=\"803\">Ne p\u00ebrpiqemi t\u00eb miratojm\u00eb nj\u00eb qasje holistike t\u00eb p\u00ebrqendruar te personi n\u00eb gjith\u00e7ka q\u00eb b\u00ebjm\u00eb dhe t\u00eb njohim vler\u00ebn e pun\u00ebtor\u00ebve tan\u00eb, t\u2019i trajtojm\u00eb ata si asete dhe t\u00eb investojm\u00eb n\u00eb ta. Ne p\u00ebrpiqemi t\u00eb krijojm\u00eb kushte dhe t\u00eb promovojm\u00eb pun\u00eb t\u00eb denj\u00eb p\u00ebr pun\u00ebtor\u00ebt tan\u00eb \u2013 kapitalin ton\u00eb njer\u00ebzor \u2013 i cili mb\u00ebshtet performanc\u00ebn dhe q\u00ebndrueshm\u00ebrin\u00eb ton\u00eb si biznes.<\/p>\n<p data-start=\"805\" data-end=\"961\">P\u00ebrmes k\u00ebsaj qasjeje, ne synojm\u00eb t\u00eb jemi t\u00eb aft\u00eb t\u00eb prodhojm\u00eb vler\u00eb t\u00eb q\u00ebndrueshme, fitim, performanc\u00eb m\u00eb t\u00eb fort\u00eb, rritje dhe fuqi pun\u00ebtore t\u00eb q\u00ebndrueshme.<\/p>\n<p data-start=\"62\" data-end=\"322\">Q\u00ebndrueshm\u00ebria sociale \u00ebsht\u00eb shtylla kurrizore e rezistenc\u00ebs, dhe siguria dhe sh\u00ebndeti n\u00eb pun\u00eb jan\u00eb themelore p\u00ebr nd\u00ebrtimin dhe mir\u00ebmbajtjen e pun\u00ebs, fuqis\u00eb pun\u00ebtore, zinxhir\u00ebve t\u00eb furnizimit dhe komuniteteve q\u00eb jan\u00eb t\u00eb gjithat\u00eb q\u00ebndrueshme p\u00ebr t\u00eb ardhmen. Ne i vendosim njer\u00ebzit n\u00eb radh\u00eb t\u00eb par\u00eb dhe njohim vler\u00ebn e pun\u00ebtor\u00ebve tan\u00eb. Ne p\u00ebrpiqemi t\u00eb miratojm\u00eb strategji afatgjata dhe t\u00eb orientuara drejt s\u00eb ardhmes, si dhe masa m\u00eb t\u00eb gjera t\u00eb q\u00ebndrueshm\u00ebris\u00eb sociale dhe vler\u00ebs s\u00eb kapitalit njer\u00ebzor.<\/p>\n<p data-start=\"84\" data-end=\"332\">Elementet e menaxhimit mjedisor, si\u00e7 jan\u00eb p\u00ebrputhja me rregulloret dhe detyrimet, menaxhimi m\u00eb i mir\u00eb i burimeve, zvog\u00eblimi i mbeturinave dhe p\u00ebrmir\u00ebsimi i performanc\u00ebs, jan\u00eb vet\u00ebm disa nga komponent\u00ebt thelb\u00ebsor\u00eb t\u00eb sistemit ton\u00eb t\u00eb menaxhimit.Ne po p\u00ebrpiqemi t\u00eb largohemi nga qasja &#8220;merr, b\u00ebj, p\u00ebrdor, hidh&#8221; e ekonomive lineare, pasi \u00ebsht\u00eb thelb\u00ebsore n\u00ebse bota do t\u00eb transformohet drejt q\u00ebndrueshm\u00ebris\u00eb. Rip\u00ebrdorimi dhe riciklimi i materialeve n\u00eb produkte dhe sh\u00ebrbime p\u00ebr t\u00eb maksimizuar vler\u00ebn prej tyre dhe p\u00ebr t\u00eb minimizuar mbeturinat n\u00eb depo \u00ebsht\u00eb par\u00ebsor p\u00ebr q\u00ebndrueshm\u00ebrin\u00eb ton\u00eb. N\u00eb lidhje me k\u00ebt\u00eb, ne po trajtojm\u00eb llumin e vajit t\u00eb p\u00ebrdorur n\u00eb furr\u00ebn e \u00e7imentos, ku sh\u00ebrben si nj\u00eb input i pjessh\u00ebm energjie n\u00eb proces. Po zhvillojm\u00eb projekte p\u00ebr t\u00eb zvog\u00ebluar p\u00ebrdorimin e energjis\u00eb dhe po investojm\u00eb n\u00eb nj\u00eb projekt p\u00ebr trajtimin e llumit t\u00eb vajit p\u00ebr t\u00eb rikuperuar vajin nga mbeturinat, duke zvog\u00ebluar sasin\u00eb dhe duke modifikuar p\u00ebrb\u00ebrjen kimike t\u00eb mbeturinave t\u00eb mbetura \u2013 duke e b\u00ebr\u00eb at\u00eb t\u00eb dobishme p\u00ebr q\u00ebllime t\u00eb tjera.<\/p>\n<p>Shpenzimet Totale Mjedisore 2023 p\u00ebr trajtimin dhe monitorimin e mbeturinave t\u00eb rehabilitimit jan\u00eb af\u00ebrsisht 4 milion\u00eb dollar\u00eb.<\/p>\n<p>Disa tregues t\u00eb performances mjedisore tregohen n\u00eb grafik\u00eb!<\/p>\n<p>&nbsp;<\/p>\n\n\t\t<style type=\"text\/css\">\n\t\t\t#gallery-1 {\n\t\t\t\tmargin: auto;\n\t\t\t}\n\t\t\t#gallery-1 .gallery-item {\n\t\t\t\tfloat: left;\n\t\t\t\tmargin-top: 10px;\n\t\t\t\ttext-align: center;\n\t\t\t\twidth: 33%;\n\t\t\t}\n\t\t\t#gallery-1 img {\n\t\t\t\tborder: 2px solid #cfcfcf;\n\t\t\t}\n\t\t\t#gallery-1 .gallery-caption {\n\t\t\t\tmargin-left: 0;\n\t\t\t}\n\t\t\t\/* see gallery_shortcode() in wp-includes\/media.php *\/\n\t\t<\/style>\n\t\t<div id='gallery-1' class='gallery galleryid-237 gallery-columns-3 gallery-size-full'><dl class='gallery-item'>\n\t\t\t<dt class='gallery-icon landscape'>\n\t\t\t\t<img fetchpriority=\"high\" decoding=\"async\" width=\"461\" height=\"218\" src=\"https:\/\/bankerspetroleum.com\/alb\/wp-content\/uploads\/2024\/02\/image003-1.png\" class=\"attachment-full size-full\" alt=\"\" srcset=\"https:\/\/bankerspetroleum.com\/alb\/wp-content\/uploads\/2024\/02\/image003-1.png 461w, https:\/\/bankerspetroleum.com\/alb\/wp-content\/uploads\/2024\/02\/image003-1-300x142.png 300w\" sizes=\"(max-width: 461px) 100vw, 461px\" \/>\n\t\t\t<\/dt><\/dl><dl class='gallery-item'>\n\t\t\t<dt class='gallery-icon landscape'>\n\t\t\t\t<img decoding=\"async\" width=\"483\" height=\"218\" src=\"https:\/\/bankerspetroleum.com\/alb\/wp-content\/uploads\/2024\/02\/image002-2.png\" class=\"attachment-full size-full\" alt=\"\" srcset=\"https:\/\/bankerspetroleum.com\/alb\/wp-content\/uploads\/2024\/02\/image002-2.png 483w, https:\/\/bankerspetroleum.com\/alb\/wp-content\/uploads\/2024\/02\/image002-2-300x135.png 300w\" sizes=\"(max-width: 483px) 100vw, 483px\" \/>\n\t\t\t<\/dt><\/dl><dl class='gallery-item'>\n\t\t\t<dt class='gallery-icon landscape'>\n\t\t\t\t<img decoding=\"async\" width=\"348\" height=\"218\" src=\"https:\/\/bankerspetroleum.com\/alb\/wp-content\/uploads\/2024\/02\/image001-4.png\" class=\"attachment-full size-full\" alt=\"\" srcset=\"https:\/\/bankerspetroleum.com\/alb\/wp-content\/uploads\/2024\/02\/image001-4.png 348w, https:\/\/bankerspetroleum.com\/alb\/wp-content\/uploads\/2024\/02\/image001-4-300x188.png 300w\" sizes=\"(max-width: 348px) 100vw, 348px\" \/>\n\t\t\t<\/dt><\/dl><br style=\"clear: both\" \/>\n\t\t<\/div>\n\n<p>Ne shpesh shkojm\u00eb p\u00ebrtej kufijve t\u00eb kontratave tona t\u00eb qiras\u00eb p\u00ebr t\u00eb ndihmuar fermer\u00ebt vendas duke pastruar kanalet e tyre t\u00eb kullimit, duke riparuar rrug\u00ebt dhe aksesin n\u00eb tok\u00eb, duke nd\u00ebrtuar rrug\u00eb t\u00eb reja dhe duke rehabilituar tokat e ndotura nga nafta. Ne bashk\u00ebpunojm\u00eb ngusht\u00eb me komunitetet vendase p\u00ebr t\u00eb ndikuar pozitivisht n\u00eb jetes\u00ebn e tyre dhe kryejm\u00eb vler\u00ebsime t\u00eb rreziqeve sociale p\u00ebr projekte t\u00eb reja p\u00ebr t\u00eb minimizuar ndikimin e zhvillimeve tona!<\/p>\n<p><span style=\"color: #ff0000;\"><a style=\"color: #ff0000;\" href=\"https:\/\/bankerspetroleum.com\/wp-content\/uploads\/2024\/01\/BPAL_Environmental_Policy.pdf\">Politika Mjedisore<\/a><\/span><\/p>\n<p>&nbsp;<\/p>\n","protected":false},"excerpt":{"rendered":"<p>Q\u00eb nga fillimi i operacioneve t\u00eb saj n\u00eb fush\u00ebn e ...<\/p>\n","protected":false},"author":1,"featured_media":0,"parent":0,"menu_order":0,"comment_status":"closed","ping_status":"closed","template":"","meta":{"_acf_changed":false,"inline_featured_image":false,"footnotes":""},"acf":[],"_links":{"self":[{"href":"https:\/\/bankerspetroleum.com\/alb\/wp-json\/wp\/v2\/pages\/237"}],"collection":[{"href":"https:\/\/bankerspetroleum.com\/alb\/wp-json\/wp\/v2\/pages"}],"about":[{"href":"https:\/\/bankerspetroleum.com\/alb\/wp-json\/wp\/v2\/types\/page"}],"author":[{"embeddable":true,"href":"https:\/\/bankerspetroleum.com\/alb\/wp-json\/wp\/v2\/users\/1"}],"replies":[{"embeddable":true,"href":"https:\/\/bankerspetroleum.com\/alb\/wp-json\/wp\/v2\/comments?post=237"}],"version-history":[{"count":18,"href":"https:\/\/bankerspetroleum.com\/alb\/wp-json\/wp\/v2\/pages\/237\/revisions"}],"predecessor-version":[{"id":2775,"href":"https:\/\/bankerspetroleum.com\/alb\/wp-json\/wp\/v2\/pages\/237\/revisions\/2775"}],"wp:attachment":[{"href":"https:\/\/bankerspetroleum.com\/alb\/wp-json\/wp\/v2\/media?parent=237"}],"curies":[{"name":"wp","href":"https:\/\/api.w.org\/{rel}","templated":true}]}}