{"id":246,"date":"2020-03-09T12:55:03","date_gmt":"2020-03-09T12:55:03","guid":{"rendered":"http:\/\/bankers.tokdigitalagency.com\/?page_id=246"},"modified":"2025-08-07T14:00:20","modified_gmt":"2025-08-07T14:00:20","slug":"individe","status":"publish","type":"page","link":"https:\/\/bankerspetroleum.com\/alb\/individe\/","title":{"rendered":"Individ\u00eb"},"content":{"rendered":"<p>N\u00eb Bankers, ne besojm\u00eb se \u00e7do punonj\u00ebs kontribuon drejtp\u00ebrdrejt n\u00eb rritjen dhe suksesin e kompanis\u00eb son\u00eb.<\/p>\n<p>Duke nxitur nj\u00eb mjedis ekipor ku t\u00eb gjith\u00eb inkurajohen t\u00eb aplikojn\u00eb aft\u00ebsit\u00eb dhe njohurit\u00eb e tyre n\u00eb m\u00ebnyr\u00eb efektive, ne synojm\u00eb t&#8217;u ofrojm\u00eb punonj\u00ebsve tan\u00eb sfidat teknike t\u00eb nevojshme p\u00ebr t&#8217;i mbajtur njer\u00ebzit tan\u00eb t\u00eb arrijn\u00eb potencialin e tyre m\u00eb t\u00eb lart\u00eb.<\/p>\n<p>Jemi krenar\u00eb q\u00eb jemi nj\u00eb organizat\u00eb ku siguria e njer\u00ebzve tan\u00eb, respekti p\u00ebr t\u00eb drejtat e njer\u00ebzve, p\u00ebrgjegj\u00ebsia p\u00ebr pun\u00ebn tone dhe besimi i nd\u00ebrsjell\u00eb jan\u00eb element ky\u00e7 t\u00eb cultures son\u00eb korporative.<\/p>\n<p>Ne besojm\u00eb se p\u00ebrvoja e \u00e7dopunonj\u00ebsin\u00eb Bankers Petroleum do t\u00eb jet\u00eb sfiduese, e k\u00ebndshme dhe shp\u00ebrblyese.<\/p>\n<p>N\u00ebse jeni t\u00eb interesuar t\u00eb b\u00ebheni pjes\u00eb e ekipit t\u00eb Bankers, klikoni &#8216;Apliko Online&#8217; p\u00ebr t\u00eb dor\u00ebzuar CV-n\u00eb tuaj. P\u00ebr t\u00eb gjitha pyetjet e tjera t\u00eb p\u00ebrgjithshme, ju lutemi d\u00ebrgoni nj\u00eb email n\u00eb hr@bankerspetroleum.com.<\/p>\n<p>Alarm p\u00ebr Mashtrim n\u00eb Rekrutim<\/p>\n<p>Ju lutemi t\u00eb keni parasysh se Bankers Petroleum Ltd. (&#8220;Bankers&#8221;), deg\u00ebt e saj dhe organizatat q\u00eb Bankers u beson p\u00ebrpjekjet e rekrutimit nuk k\u00ebrkojn\u00eb asnj\u00eb form\u00eb pagese nga aplikant\u00ebt n\u00eb asnj\u00eb rrethan\u00eb n\u00eb asnj\u00eb moment t\u00eb procesit t\u00eb rekrutimit ose ofert\u00ebs.<\/p>\n<p>N\u00ebse merrni korrespondenc\u00eb nga pale q\u00eb konsiderojn\u00eb se p\u00ebrfaq\u00ebsojn\u00eb Bankers, e cila ju udh\u00ebzon t\u00eb d\u00ebrgoni para p\u00ebr t\u00eb d\u00ebrguar CV-n\u00eb tuaj te Bankers, ju lutemi ta trajtoni at\u00eb si mashtrim. Bankers ju rekomandon t\u00eb d\u00ebrgoni informacion n\u00eb lidhje me k\u00ebt\u00eb aktivitet mashtrues te autoritetet tuaja locale p\u00ebr veprimet e duhura.<\/p>\n<p>Sh\u00ebnim: P\u00ebrbanor\u00ebt e Shqip\u00ebris\u00eb q\u00eb k\u00ebrkojn\u00eb pun\u00ebsim n\u00eb Shqip\u00ebri, ju lutemi t\u00eb kontaktoni <a href=\"mailto:humanresources@bankerspetroleum.com\">humanresources@bankerspetroleum.com<\/a><\/p>\n<p>&nbsp;<\/p>\n<h5><strong>VACANCY \u00a0NOTICE<\/strong><\/h5>\n<ol>\n<li><a href=\"https:\/\/tokdev.al\/bankers\/wp-content\/uploads\/2025\/03\/VACANCY-Contract-Assistant.pdf\" target=\"_blank\" rel=\"noopener noreferrer\">Contract Assistant<\/a><br \/>\nFor a comprehensive description of the position, please refer to the <a href=\"https:\/\/tokdev.al\/bankers\/wp-content\/uploads\/2025\/03\/VACANCY-Contract-Assistant.pdf\" target=\"_blank\" rel=\"noopener\">attached document<\/a>. It contains detailed information about the roles and responsibilities, as well as the qualifications required.<\/li>\n<\/ol>\n<p>&nbsp;<\/p>\n","protected":false},"excerpt":{"rendered":"<p>N\u00eb Bankers, ne besojm\u00eb se \u00e7do punonj\u00ebs kontribuon drejtp\u00ebrdrejt n\u00eb ...<\/p>\n","protected":false},"author":1,"featured_media":0,"parent":0,"menu_order":0,"comment_status":"closed","ping_status":"closed","template":"","meta":{"_acf_changed":false,"inline_featured_image":false,"footnotes":""},"acf":[],"_links":{"self":[{"href":"https:\/\/bankerspetroleum.com\/alb\/wp-json\/wp\/v2\/pages\/246"}],"collection":[{"href":"https:\/\/bankerspetroleum.com\/alb\/wp-json\/wp\/v2\/pages"}],"about":[{"href":"https:\/\/bankerspetroleum.com\/alb\/wp-json\/wp\/v2\/types\/page"}],"author":[{"embeddable":true,"href":"https:\/\/bankerspetroleum.com\/alb\/wp-json\/wp\/v2\/users\/1"}],"replies":[{"embeddable":true,"href":"https:\/\/bankerspetroleum.com\/alb\/wp-json\/wp\/v2\/comments?post=246"}],"version-history":[{"count":18,"href":"https:\/\/bankerspetroleum.com\/alb\/wp-json\/wp\/v2\/pages\/246\/revisions"}],"predecessor-version":[{"id":2800,"href":"https:\/\/bankerspetroleum.com\/alb\/wp-json\/wp\/v2\/pages\/246\/revisions\/2800"}],"wp:attachment":[{"href":"https:\/\/bankerspetroleum.com\/alb\/wp-json\/wp\/v2\/media?parent=246"}],"curies":[{"name":"wp","href":"https:\/\/api.w.org\/{rel}","templated":true}]}}