{"id":2465,"date":"2024-07-02T15:00:41","date_gmt":"2024-07-02T15:00:41","guid":{"rendered":"https:\/\/tokdev.al\/bankers\/?page_id=2465"},"modified":"2025-08-07T13:37:28","modified_gmt":"2025-08-07T13:37:28","slug":"raportet-e-qendrueshmerise","status":"publish","type":"page","link":"https:\/\/bankerspetroleum.com\/alb\/raportet-e-qendrueshmerise\/","title":{"rendered":"Raportet e Q\u00ebndrueshm\u00ebris\u00eb"},"content":{"rendered":"<div dir=\"auto\">\n<p><strong>Raporti i Q\u00ebndrueshm\u00ebris\u00eb s\u00eb Bankers Petroleum Albania 2023<\/strong><\/p>\n<p>N\u00eb Bankers Petroleum, q\u00ebndrueshm\u00ebria do t\u00eb thot\u00eb krijimi i vler\u00ebs gjat\u00eb kalimit n\u00eb emetime neto zero. N\u00eb vitin 2023, ne b\u00ebm\u00eb hapat \u00eb r\u00ebnd\u00ebsish\u00ebm duke zbatuar projekte p\u00ebr kursimin e energjis\u00eb, duke ulur emetimet tona t\u00eb karbonit dhe duke investuar n\u00eb ekonomin\u00eb lokale. Angazhimi yn\u00eb p\u00ebr t\u00eb respektuar natyr\u00ebn p\u00ebrqendrohet n\u00eb uljen e mbeturinave dhe gjetjen e zgjidhjeve inovative, si\u00e7 \u00ebsht\u00eb prodhimi i naft\u00ebs bruto nga mbeturinat duke p\u00ebrdorur teknologjin\u00eb e desorbimit termik. Siguria mbetet vlera jon\u00eb kryesore, me p\u00ebrmir\u00ebsime t\u00eb vazhdueshme n\u00eb uljen e aksidenteve dhe incidenteve. Ky raport sh\u00ebnon v\u00ebshtrimin tone t\u00eb pare gjith\u00eb p\u00ebrfshir\u00ebs n\u00eb p\u00ebrpjekjet tona p\u00ebr q\u00ebndrueshm\u00ebri, duke theksuar arritjet dhe p\u00ebrkushtimin tone ndaj praktikave t\u00eb p\u00ebrgjegjshme t\u00eb biznesit.<\/p>\n<p><a href=\"https:\/\/bankerspetroleum.com\/wp-content\/uploads\/2024\/10\/BPAL-Sustainability-Report-2023-ok2.pdf\">Shkarkoni Raportin e Q\u00ebndrueshm\u00ebris\u00eb 2023<\/a><\/p>\n<p><a href=\"https:\/\/bankerspetroleum.com\/wp-content\/uploads\/2024\/10\/BPAL-SR23-ok.pdf\">Indeksi i P\u00ebrmbajtjes BPAL SR23<\/a><\/p>\n<\/div>\n","protected":false},"excerpt":{"rendered":"<p>Raporti i Q\u00ebndrueshm\u00ebris\u00eb s\u00eb Bankers Petroleum Albania 2023 N\u00eb Bankers ...<\/p>\n","protected":false},"author":4,"featured_media":0,"parent":0,"menu_order":0,"comment_status":"closed","ping_status":"closed","template":"","meta":{"_acf_changed":false,"inline_featured_image":false,"footnotes":""},"acf":[],"_links":{"self":[{"href":"https:\/\/bankerspetroleum.com\/alb\/wp-json\/wp\/v2\/pages\/2465"}],"collection":[{"href":"https:\/\/bankerspetroleum.com\/alb\/wp-json\/wp\/v2\/pages"}],"about":[{"href":"https:\/\/bankerspetroleum.com\/alb\/wp-json\/wp\/v2\/types\/page"}],"author":[{"embeddable":true,"href":"https:\/\/bankerspetroleum.com\/alb\/wp-json\/wp\/v2\/users\/4"}],"replies":[{"embeddable":true,"href":"https:\/\/bankerspetroleum.com\/alb\/wp-json\/wp\/v2\/comments?post=2465"}],"version-history":[{"count":9,"href":"https:\/\/bankerspetroleum.com\/alb\/wp-json\/wp\/v2\/pages\/2465\/revisions"}],"predecessor-version":[{"id":2777,"href":"https:\/\/bankerspetroleum.com\/alb\/wp-json\/wp\/v2\/pages\/2465\/revisions\/2777"}],"wp:attachment":[{"href":"https:\/\/bankerspetroleum.com\/alb\/wp-json\/wp\/v2\/media?parent=2465"}],"curies":[{"name":"wp","href":"https:\/\/api.w.org\/{rel}","templated":true}]}}