{"id":249,"date":"2020-03-09T12:55:53","date_gmt":"2020-03-09T12:55:53","guid":{"rendered":"http:\/\/bankers.tokdigitalagency.com\/?page_id=249"},"modified":"2025-08-07T13:37:09","modified_gmt":"2025-08-07T13:37:09","slug":"kompanite","status":"publish","type":"page","link":"https:\/\/bankerspetroleum.com\/alb\/kompanite\/","title":{"rendered":"Kompanit\u00eb"},"content":{"rendered":"<p>T\u00eb dashur Furnizues dhe Kontraktor\u00eb,<\/p>\n<p>Ky seksion i faqes son\u00eb t\u00eb internetit p\u00ebrmban t\u00eb gjith\u00eb informacionin e nevojsh\u00ebm n\u00eb lidhje me procedurat e prokurimit t\u00eb mallrave, punimeve dhe sh\u00ebrbimeve t\u00eb cilat kryhen nga Bankers Petroleum Albania.<\/p>\n<p>Ju lutemi vizitoni dhe regjistrohuni n\u00eb faqen tone t\u00eb internetit t\u00eb <a href=\"https:\/\/bankerspetroleum.procureware.com\/\">Prokurimit dhe Ofertimit<\/a> dhe shkarkoni letr\u00ebn \u2014 Prot 268 nga Dokumentet.<\/p>\n<p>Parimet kryesore q\u00eb rregullojn\u00eb procesin e prokurimit n\u00eb Bankers Petroleum Albania jan\u00eb konkurrueshm\u00ebria, transparenca, drejt\u00ebsia dhe mos diskriminimi. Kontratimi i mallrave dhe sh\u00ebrbimeve n\u00eb Bankers Petroleum Albania bazohet n\u00eb konkurrenc\u00eb, disponueshm\u00ebrin\u00eb e t\u00eb gjith\u00eb informacionit t\u00eb prokurimit dhe ofrimin e mund\u00ebsive t\u00eb barabarta p\u00ebr t\u00eb gjith\u00eb shit\u00ebsit\/kontraktor\u00ebt potencial\u00eb. Megjithat\u00eb, do t\u00eb merren n\u00eb konsiderat\u00eb vet\u00ebm ofertat e b\u00ebra nga ofertuesit e kualifikuar q\u00eb plot\u00ebsojn\u00eb k\u00ebrkesat e kompanis\u00eb, dhe procesi i prokurimit bazohet n\u00eb standardet nd\u00ebrkomb\u00ebtare, duke p\u00ebrfshir\u00eb procedur\u00ebn e para kualifikimit. Nj\u00eb baz\u00eb t\u00eb dh\u00ebnash e shit\u00ebsve dhe kontraktor\u00ebve po krijohet n\u00eb kompani.<\/p>\n<p>Politika e Bankers Petroleum Albania n\u00eb lidhje me kategorit\u00eb kryesore t\u00eb mallrave, punimeve dhe sh\u00ebrbimeve \u00ebsht\u00eb t\u00eb krijoj\u00eb marr\u00ebdh\u00ebnie afatgjata me shit\u00ebsit \/ kontraktor\u00ebt dhe t\u00eb zhvilloj\u00eb tregjet p\u00ebrkat\u00ebse.<\/p>\n<p>Ne i ftojm\u00eb t\u00eb gjitha pal\u00ebt e interesuar at\u00eb marrin pjes\u00eb n\u00eb nj\u00eb konkurs t\u00eb hapur dhe t\u00eb drejt\u00eb me shanse t\u00eb barabarta p\u00ebr t\u00eb gjith\u00eb. Informacioni mbi ofertat e tenderit mund t\u00eb gjendet n\u00eb Udh\u00ebzimin p\u00ebr Ofertuesit.<\/p>\n<p>&nbsp;<\/p>\n<p>Me q\u00ebllim promovimin e prokurimit dhe ofertimit t\u00eb drejt\u00eb, jan\u00eb b\u00ebr\u00eb p\u00ebrpjekje t\u00eb vazhdueshme, kompania jon\u00eb ka miratuar disa nga standardet dhe praktikat m\u00eb t\u00eb mira t\u00eb disponueshme t\u00eb prokurimit, dhe ka zbatuar m\u00ebtej sistemin e Prokurimit Elektronik p\u00ebr ta b\u00ebr\u00eb t\u00eb gjith\u00eb procesin m\u00eb t\u00eb drejt\u00eb dhe transparent.<\/p>\n<p>N\u00eb rast se keni nj\u00eb ankes\u00eb ose keni ndonj\u00eb problem me nj\u00eb k\u00ebrkes\u00eb t\u00eb l\u00ebshuar ose nj\u00eb kontrat\u00eb t\u00eb dh\u00ebn\u00eb nga Kompania dhe p\u00ebr t\u00eb cil\u00ebn ju si furnizues keni interes t\u00eb mjaftuesh\u00ebm, mund t\u00eb paraqisni nj\u00eb ankes\u00eb p\u00ebr shqyrtim n\u00eb adres\u00ebn e m\u00eb poshtme t\u00eb email-it: <a href=\"mailto:ALBPBidding@bankerspetroleum.com\">ALBPBidding@bankerspetroleum.com<\/a><\/p>\n<p>&nbsp;<\/p>\n<p>Kujtes\u00eb: Informacioni i raportuar dhe informatori do t\u00eb trajtohen me konfidencialitet t\u00eb rrept\u00eb. Ju lutemi mos ngurroni t\u00eb paraqisni raportin p\u00ebr \u00e7do parregullsi ose shqet\u00ebsim.<\/p>\n","protected":false},"excerpt":{"rendered":"<p>T\u00eb dashur Furnizues dhe Kontraktor\u00eb, Ky seksion i faqes son\u00eb ...<\/p>\n","protected":false},"author":1,"featured_media":0,"parent":0,"menu_order":0,"comment_status":"closed","ping_status":"closed","template":"","meta":{"_acf_changed":false,"inline_featured_image":false,"footnotes":""},"acf":[],"_links":{"self":[{"href":"https:\/\/bankerspetroleum.com\/alb\/wp-json\/wp\/v2\/pages\/249"}],"collection":[{"href":"https:\/\/bankerspetroleum.com\/alb\/wp-json\/wp\/v2\/pages"}],"about":[{"href":"https:\/\/bankerspetroleum.com\/alb\/wp-json\/wp\/v2\/types\/page"}],"author":[{"embeddable":true,"href":"https:\/\/bankerspetroleum.com\/alb\/wp-json\/wp\/v2\/users\/1"}],"replies":[{"embeddable":true,"href":"https:\/\/bankerspetroleum.com\/alb\/wp-json\/wp\/v2\/comments?post=249"}],"version-history":[{"count":17,"href":"https:\/\/bankerspetroleum.com\/alb\/wp-json\/wp\/v2\/pages\/249\/revisions"}],"predecessor-version":[{"id":2762,"href":"https:\/\/bankerspetroleum.com\/alb\/wp-json\/wp\/v2\/pages\/249\/revisions\/2762"}],"wp:attachment":[{"href":"https:\/\/bankerspetroleum.com\/alb\/wp-json\/wp\/v2\/media?parent=249"}],"curies":[{"name":"wp","href":"https:\/\/api.w.org\/{rel}","templated":true}]}}